{"id":11075,"date":"2014-04-09T10:10:10","date_gmt":"2014-04-09T10:10:10","guid":{"rendered":"http:\/\/cardinal.swiftideas.com\/restaurant-demo\/?page_id=11075"},"modified":"2023-10-05T21:13:30","modified_gmt":"2023-10-05T21:13:30","slug":"menu","status":"publish","type":"page","link":"https:\/\/www.tupe.com.ar\/web\/menu\/","title":{"rendered":"Men\u00fa"},"content":{"rendered":"[spb_text_block animation=\u00bbnone\u00bb animation_delay=\u00bb0&#8243; simplified_controls=\u00bbyes\u00bb custom_css_percentage=\u00bbno\u00bb padding_vertical=\u00bb0&#8243; padding_horizontal=\u00bb0&#8243; margin_vertical=\u00bb0&#8243; custom_css=\u00bbmargin-top: 0px;margin-bottom: 0px;\u00bb border_size=\u00bb0&#8243; border_styling_global=\u00bbdefault\u00bb width=\u00bb1\/1&#8243; el_position=\u00bbfirst last\u00bb]\n\n\t\t<!-- MasterSlider -->\n\t\t<div id=\"P_MS69f5429c50a68\" class=\"master-slider-parent ms-parent-id-1\"  >\n\n\t\t\t\n\t\t\t<!-- MasterSlider Main -->\n\t\t\t<div id=\"MS69f5429c50a68\" class=\"master-slider ms-skin-default\" >\n\t\t\t\t \t\t\t\t \n\t\t\t<div  class=\"ms-slide\" data-delay=\"3\" data-fill-mode=\"fill\"   >\n\t\t\t\t\t<img decoding=\"async\" src=\"https:\/\/www.tupe.com.ar\/web\/wp-content\/plugins\/masterslider\/public\/assets\/css\/blank.gif\" alt=\"\" title=\"menu_01_parrillada_2\" data-src=\"https:\/\/www.tupe.com.ar\/web\/wp-content\/uploads\/2014\/04\/menu_01_Parrillada_2.jpg\" \/>\n\n\n\t\t\t\t<\/div>\n\t\t\t<div  class=\"ms-slide\" data-delay=\"3\" data-fill-mode=\"fill\"   >\n\t\t\t\t\t<img decoding=\"async\" src=\"https:\/\/www.tupe.com.ar\/web\/wp-content\/plugins\/masterslider\/public\/assets\/css\/blank.gif\" alt=\"\" title=\"menu_02_parrillada-cenital\" data-src=\"https:\/\/www.tupe.com.ar\/web\/wp-content\/uploads\/2014\/04\/menu_02_Parrillada-cenital.jpg\" \/>\n\n\n\t\t\t\t<\/div>\n\t\t\t<div  class=\"ms-slide\" data-delay=\"3\" data-fill-mode=\"fill\"   >\n\t\t\t\t\t<img decoding=\"async\" src=\"https:\/\/www.tupe.com.ar\/web\/wp-content\/plugins\/masterslider\/public\/assets\/css\/blank.gif\" alt=\"\" title=\"menu_03_postre-con-helado\" data-src=\"https:\/\/www.tupe.com.ar\/web\/wp-content\/uploads\/2014\/04\/menu_03_Postre-con-helado.jpg\" \/>\n\n\n\t\t\t\t<\/div>\n\n\t\t\t<\/div>\n\t\t\t<!-- END MasterSlider Main -->\n\n\t\t\t \n\t\t<\/div>\n\t\t<!-- END MasterSlider -->\n\n\t\t<script>\n\t\t( window.MSReady = window.MSReady || [] ).push( function( $ ) {\n\n\t\t\t\"use strict\";\n\t\t\tvar masterslider_0a68 = new MasterSlider();\n\n\t\t\t\/\/ slider controls\n\t\t\tmasterslider_0a68.control('arrows'     ,{ autohide:true, overVideo:true  });\n\t\t\t\/\/ slider setup\n\t\t\tmasterslider_0a68.setup(\"MS69f5429c50a68\", {\n\t\t\t\twidth           : 1000,\n\t\t\t\theight          : 500,\n\t\t\t\tminHeight       : 0,\n\t\t\t\tspace           : 0,\n\t\t\t\tstart           : 1,\n\t\t\t\tgrabCursor      : true,\n\t\t\t\tswipe           : true,\n\t\t\t\tmouse           : true,\n\t\t\t\tkeyboard        : false,\n\t\t\t\tlayout          : \"fullwidth\",\n\t\t\t\twheel           : false,\n\t\t\t\tautoplay        : true,\n                instantStartLayers:false,\n\t\t\t\tmobileBGVideo:false,\n\t\t\t\tloop            : true,\n\t\t\t\tshuffle         : false,\n\t\t\t\tpreload         : 0,\n\t\t\t\theightLimit     : true,\n\t\t\t\tautoHeight      : true,\n\t\t\t\tsmoothHeight    : true,\n\t\t\t\tendPause        : false,\n\t\t\t\toverPause       : false,\n\t\t\t\tfillMode        : \"fill\",\n\t\t\t\tcenterControls  : true,\n\t\t\t\tstartOnAppear   : false,\n\t\t\t\tlayersMode      : \"center\",\n\t\t\t\tautofillTarget  : \"\",\n\t\t\t\thideLayers      : false,\n\t\t\t\tfullscreenMargin: 0,\n\t\t\t\tspeed           : 20,\n\t\t\t\tdir             : \"h\",\n\t\t\t\tparallaxMode    : 'swipe',\n\t\t\t\tview            : \"fadeBasic\"\n\t\t\t});\n\n\t\t\t\n\t\t\twindow.masterslider_instances = window.masterslider_instances || [];\n\t\t\twindow.masterslider_instances.push( masterslider_0a68 );\n\t\t});\n\t\t<\/script>\n\n\n[\/spb_text_block] [spb_blank_spacer height=\u00bb15px\u00bb width=\u00bb1\/1&#8243; el_position=\u00bbfirst last\u00bb] [spb_column col_sm=\u00bb2&#8243; padding_horizontal=\u00bb15&#8243; width=\u00bb1\/6&#8243; el_position=\u00bbfirst\u00bb] [\/spb_column] [spb_column col_sm=\u00bb8&#8243; padding_horizontal=\u00bb15&#8243; width=\u00bb2\/3&#8243;] [spb_text_block animation=\u00bbnone\u00bb animation_delay=\u00bb0&#8243; simplified_controls=\u00bbyes\u00bb custom_css_percentage=\u00bbno\u00bb padding_vertical=\u00bb0&#8243; padding_horizontal=\u00bb0&#8243; margin_vertical=\u00bb0&#8243; custom_css=\u00bbmargin-top: 0px;margin-bottom: 0px;\u00bb border_size=\u00bb0&#8243; border_styling_global=\u00bbdefault\u00bb width=\u00bb1\/1&#8243; el_position=\u00bbfirst last\u00bb]\n<p style=\"text-align: center;\">Tenemos todos los cortes cl\u00e1sicos de carne vacuna y cerdo que asamos al carb\u00f3n.<br \/>\nSe destacan el bife de chorizo, la entra\u00f1a y el churrasquito de cerdo.<br \/>\nHay parriladas para 2 y para 4 que incluyen mollejas adem\u00e1s de la variedad de carnes y achuras.<\/p>\n<p style=\"text-align: center;\">Tambi\u00e9n ofrecemos pastas, ensaladas y platos t\u00edpicos de la cocina porte\u00f1a.<\/p>\n<p style=\"text-align: center;\">Los d\u00edas de semana al mediod\u00eda hay 4 opciones de men\u00fa ejecutivo que incluye bebida y postre.<\/p>\n<p style=\"text-align: center;\">\u00a1No se pierdan las famosas \u201cpapas por H o por B\u201d muy valoradas por nuestros clientes!<\/p>\n[\/spb_text_block] [spb_blank_spacer height=\u00bb15px\u00bb width=\u00bb1\/1&#8243; el_position=\u00bbfirst last\u00bb] [spb_button button_text=\u00bbDescargar el men\u00fa\u00bb button_size=\u00bbstandard\u00bb button_colour=\u00bbwhite\u00bb button_type=\u00bbsf-icon-stroke\u00bb rounded=\u00bbyes\u00bb button_dropshadow=\u00bbyes\u00bb button_icon=\u00bbfa-file-pdf-o\u00bb button_link=\u00bbhttp:\/\/www.tupe.com.ar\/menu\u00bb button_target=\u00bb_blank\u00bb align=\u00bbcenter\u00bb animation=\u00bbfade-in\u00bb animation_delay=\u00bb0&#8243; width=\u00bb1\/1&#8243; el_position=\u00bbfirst last\u00bb] [\/spb_column] [spb_column col_sm=\u00bb2&#8243; padding_horizontal=\u00bb15&#8243; width=\u00bb1\/6&#8243; el_position=\u00bblast\u00bb] [\/spb_column] [spb_blank_spacer height=\u00bb15px\u00bb width=\u00bb1\/1&#8243; el_position=\u00bbfirst last\u00bb]\n","protected":false},"excerpt":{"rendered":"<p>[spb_text_block animation=\u00bbnone\u00bb animation_delay=\u00bb0&#8243; simplified_controls=\u00bbyes\u00bb custom_css_percentage=\u00bbno\u00bb padding_vertical=\u00bb0&#8243; padding_horizontal=\u00bb0&#8243; margin_vertical=\u00bb0&#8243; custom_css=\u00bbmargin-top: 0px;margin-bottom: 0px;\u00bb border_size=\u00bb0&#8243; border_styling_global=\u00bbdefault\u00bb width=\u00bb1\/1&#8243; el_position=\u00bbfirst last\u00bb] [\/spb_text_block] [spb_blank_spacer height=\u00bb15px\u00bb width=\u00bb1\/1&#8243; el_position=\u00bbfirst last\u00bb] [spb_column col_sm=\u00bb2&#8243; padding_horizontal=\u00bb15&#8243; width=\u00bb1\/6&#8243; el_position=\u00bbfirst\u00bb] [\/spb_column] [spb_column col_sm=\u00bb8&#8243; padding_horizontal=\u00bb15&#8243; width=\u00bb2\/3&#8243;] [spb_text_block animation=\u00bbnone\u00bb animation_delay=\u00bb0&#8243; simplified_controls=\u00bbyes\u00bb custom_css_percentage=\u00bbno\u00bb padding_vertical=\u00bb0&#8243; padding_horizontal=\u00bb0&#8243; margin_vertical=\u00bb0&#8243; custom_css=\u00bbmargin-top: 0px;margin-bottom: 0px;\u00bb border_size=\u00bb0&#8243; border_styling_global=\u00bbdefault\u00bb width=\u00bb1\/1&#8243; el_position=\u00bbfirst last\u00bb] Tenemos todos los cortes cl\u00e1sicos de carne vacuna y cerdo que asamos [&hellip;]<\/p>\n","protected":false},"author":1,"featured_media":0,"parent":0,"menu_order":0,"comment_status":"open","ping_status":"open","template":"","meta":{"footnotes":""},"class_list":["post-11075","page","type-page","status-publish","hentry"],"_links":{"self":[{"href":"https:\/\/www.tupe.com.ar\/web\/wp-json\/wp\/v2\/pages\/11075","targetHints":{"allow":["GET"]}}],"collection":[{"href":"https:\/\/www.tupe.com.ar\/web\/wp-json\/wp\/v2\/pages"}],"about":[{"href":"https:\/\/www.tupe.com.ar\/web\/wp-json\/wp\/v2\/types\/page"}],"author":[{"embeddable":true,"href":"https:\/\/www.tupe.com.ar\/web\/wp-json\/wp\/v2\/users\/1"}],"replies":[{"embeddable":true,"href":"https:\/\/www.tupe.com.ar\/web\/wp-json\/wp\/v2\/comments?post=11075"}],"version-history":[{"count":49,"href":"https:\/\/www.tupe.com.ar\/web\/wp-json\/wp\/v2\/pages\/11075\/revisions"}],"predecessor-version":[{"id":11600,"href":"https:\/\/www.tupe.com.ar\/web\/wp-json\/wp\/v2\/pages\/11075\/revisions\/11600"}],"wp:attachment":[{"href":"https:\/\/www.tupe.com.ar\/web\/wp-json\/wp\/v2\/media?parent=11075"}],"curies":[{"name":"wp","href":"https:\/\/api.w.org\/{rel}","templated":true}]}}