{"id":11127,"date":"2015-04-26T21:55:27","date_gmt":"2015-04-26T21:55:27","guid":{"rendered":"http:\/\/www.tupe.com.ar\/web\/?page_id=11127"},"modified":"2016-09-13T21:12:50","modified_gmt":"2016-09-13T21:12:50","slug":"nosotros","status":"publish","type":"page","link":"https:\/\/www.tupe.com.ar\/web\/nosotros\/","title":{"rendered":"Nosotros"},"content":{"rendered":"[spb_image image=\u00bb11254&#8243; image_size=\u00bbfull\u00bb frame=\u00bbnoframe\u00bb caption_pos=\u00bbhover\u00bb remove_rounded=\u00bbyes\u00bb fullwidth=\u00bbyes\u00bb overflow_mode=\u00bbnone\u00bb link_target=\u00bb_self\u00bb lightbox=\u00bbno\u00bb intro_animation=\u00bbfade-in\u00bb animation_delay=\u00bb200&#8243; width=\u00bb1\/1&#8243; el_position=\u00bbfirst last\u00bb] [spb_blank_spacer height=\u00bb30px\u00bb width=\u00bb1\/1&#8243; el_position=\u00bbfirst last\u00bb] [spb_column col_sm=\u00bb6&#8243; padding_horizontal=\u00bb15&#8243; width=\u00bb1\/2&#8243; el_position=\u00bbfirst\u00bb] [spb_image image=\u00bb11289&#8243; image_size=\u00bbfull\u00bb frame=\u00bbnoframe\u00bb caption_pos=\u00bbhover\u00bb remove_rounded=\u00bbyes\u00bb fullwidth=\u00bbyes\u00bb overflow_mode=\u00bbnone\u00bb link_target=\u00bb_self\u00bb lightbox=\u00bbno\u00bb intro_animation=\u00bbfade-from-left\u00bb animation_delay=\u00bb200&#8243; width=\u00bb1\/1&#8243; el_position=\u00bbfirst last\u00bb] [\/spb_column] [spb_column col_sm=\u00bb6&#8243; padding_horizontal=\u00bb15&#8243; width=\u00bb1\/2&#8243; el_position=\u00bblast\u00bb] [spb_text_block animation=\u00bbnone\u00bb animation_delay=\u00bb0&#8243; simplified_controls=\u00bbyes\u00bb custom_css_percentage=\u00bbno\u00bb padding_vertical=\u00bb0&#8243; padding_horizontal=\u00bb0&#8243; margin_vertical=\u00bb0&#8243; border_size=\u00bb0&#8243; border_styling_global=\u00bbdefault\u00bb width=\u00bb1\/1&#8243; el_position=\u00bbfirst last\u00bb]\n<p>De chico tuve la suerte de recorrer muchos restaurantes de la mano de mi padre que disfrutaba mucho comer afuera.<\/p>\n<p>Miles de almuerzos, comidas y muchos an\u00e1lisis de lugares fueron forjando en mi una curiosidad por el mundo de la gastronom\u00eda. Y luego lleg\u00f3 la adolescencia donde aprend\u00ed a hacer mis primeros asados desde el balc\u00f3n de mi departamento. Poco a poco se fueron juntando ambas cosas hasta que un d\u00eda abrieron una parrillita a lado de mi casa.<\/p>\n<p>Ah\u00ed me convert\u00ed en un gran observador de ese negocio. Miraba desde arriba todos los movimientos y sin darme cuenta absorb\u00eda lo que en un futuro se convertir\u00eda en mi gran sue\u00f1o del pibe.<\/p>\n<p>A los 30 a\u00f1os y luego de algunas experiencias previas, con la ayuda de familiares y amigos abrimos Tup\u00e9.<\/p>\n<p>Incre\u00edble pensar que ya pasaron 10 a\u00f1os de aquel entonces, y que todos los d\u00edas seguimos aprendiendo cosas nuevas y disfrutando de hacer lo que nos gusta.<\/p>\n[\/spb_text_block] [\/spb_column] [spb_blank_spacer height=\u00bb30px\u00bb width=\u00bb1\/1&#8243; el_position=\u00bbfirst last\u00bb] [spb_image image=\u00bb11255&#8243; image_size=\u00bbthumb-image-twocol\u00bb frame=\u00bbnoframe\u00bb caption_pos=\u00bbhover\u00bb remove_rounded=\u00bbyes\u00bb fullwidth=\u00bbno\u00bb overflow_mode=\u00bbnone\u00bb link_target=\u00bb_self\u00bb lightbox=\u00bbno\u00bb intro_animation=\u00bbnone\u00bb animation_delay=\u00bb200&#8243; width=\u00bb1\/3&#8243; el_position=\u00bbfirst\u00bb] [spb_image image=\u00bb11253&#8243; image_size=\u00bbthumb-image-twocol\u00bb frame=\u00bbnoframe\u00bb caption_pos=\u00bbhover\u00bb remove_rounded=\u00bbyes\u00bb fullwidth=\u00bbno\u00bb overflow_mode=\u00bbnone\u00bb link_target=\u00bb_self\u00bb lightbox=\u00bbno\u00bb intro_animation=\u00bbnone\u00bb animation_delay=\u00bb200&#8243; width=\u00bb1\/3&#8243;] [spb_image image=\u00bb11209&#8243; image_size=\u00bbthumb-image-twocol\u00bb frame=\u00bbnoframe\u00bb caption_pos=\u00bbhover\u00bb remove_rounded=\u00bbyes\u00bb fullwidth=\u00bbno\u00bb overflow_mode=\u00bbnone\u00bb link_target=\u00bb_self\u00bb lightbox=\u00bbno\u00bb intro_animation=\u00bbnone\u00bb animation_delay=\u00bb200&#8243; width=\u00bb1\/3&#8243; el_position=\u00bblast\u00bb]\n","protected":false},"excerpt":{"rendered":"<p>[spb_image image=\u00bb11254&#8243; image_size=\u00bbfull\u00bb frame=\u00bbnoframe\u00bb caption_pos=\u00bbhover\u00bb remove_rounded=\u00bbyes\u00bb fullwidth=\u00bbyes\u00bb overflow_mode=\u00bbnone\u00bb link_target=\u00bb_self\u00bb lightbox=\u00bbno\u00bb intro_animation=\u00bbfade-in\u00bb animation_delay=\u00bb200&#8243; width=\u00bb1\/1&#8243; el_position=\u00bbfirst last\u00bb] [spb_blank_spacer height=\u00bb30px\u00bb width=\u00bb1\/1&#8243; el_position=\u00bbfirst last\u00bb] [spb_column col_sm=\u00bb6&#8243; padding_horizontal=\u00bb15&#8243; width=\u00bb1\/2&#8243; el_position=\u00bbfirst\u00bb] [spb_image image=\u00bb11289&#8243; image_size=\u00bbfull\u00bb frame=\u00bbnoframe\u00bb caption_pos=\u00bbhover\u00bb remove_rounded=\u00bbyes\u00bb fullwidth=\u00bbyes\u00bb overflow_mode=\u00bbnone\u00bb link_target=\u00bb_self\u00bb lightbox=\u00bbno\u00bb intro_animation=\u00bbfade-from-left\u00bb animation_delay=\u00bb200&#8243; width=\u00bb1\/1&#8243; el_position=\u00bbfirst last\u00bb] [\/spb_column] [spb_column col_sm=\u00bb6&#8243; padding_horizontal=\u00bb15&#8243; width=\u00bb1\/2&#8243; el_position=\u00bblast\u00bb] [spb_text_block animation=\u00bbnone\u00bb animation_delay=\u00bb0&#8243; simplified_controls=\u00bbyes\u00bb custom_css_percentage=\u00bbno\u00bb padding_vertical=\u00bb0&#8243; padding_horizontal=\u00bb0&#8243; margin_vertical=\u00bb0&#8243; border_size=\u00bb0&#8243; border_styling_global=\u00bbdefault\u00bb width=\u00bb1\/1&#8243; el_position=\u00bbfirst last\u00bb] De [&hellip;]<\/p>\n","protected":false},"author":1,"featured_media":0,"parent":0,"menu_order":0,"comment_status":"open","ping_status":"open","template":"","meta":{"footnotes":""},"class_list":["post-11127","page","type-page","status-publish","hentry"],"_links":{"self":[{"href":"https:\/\/www.tupe.com.ar\/web\/wp-json\/wp\/v2\/pages\/11127","targetHints":{"allow":["GET"]}}],"collection":[{"href":"https:\/\/www.tupe.com.ar\/web\/wp-json\/wp\/v2\/pages"}],"about":[{"href":"https:\/\/www.tupe.com.ar\/web\/wp-json\/wp\/v2\/types\/page"}],"author":[{"embeddable":true,"href":"https:\/\/www.tupe.com.ar\/web\/wp-json\/wp\/v2\/users\/1"}],"replies":[{"embeddable":true,"href":"https:\/\/www.tupe.com.ar\/web\/wp-json\/wp\/v2\/comments?post=11127"}],"version-history":[{"count":20,"href":"https:\/\/www.tupe.com.ar\/web\/wp-json\/wp\/v2\/pages\/11127\/revisions"}],"predecessor-version":[{"id":11290,"href":"https:\/\/www.tupe.com.ar\/web\/wp-json\/wp\/v2\/pages\/11127\/revisions\/11290"}],"wp:attachment":[{"href":"https:\/\/www.tupe.com.ar\/web\/wp-json\/wp\/v2\/media?parent=11127"}],"curies":[{"name":"wp","href":"https:\/\/api.w.org\/{rel}","templated":true}]}}